{"id":16474,"date":"2026-05-01T15:44:25","date_gmt":"2026-05-01T13:44:25","guid":{"rendered":"https:\/\/wikingarna.com\/?page_id=16474"},"modified":"2026-05-01T15:44:25","modified_gmt":"2026-05-01T13:44:25","slug":"onsdagcupen-2026","status":"publish","type":"page","link":"https:\/\/wikingarna.com\/?page_id=16474","title":{"rendered":"Onsdagcupen 2026"},"content":{"rendered":"<h1><span style=\"color: #333399; font-size: 20px;\">WSS och WSSW inbjuder till Onsdagscupen 2026<\/span><\/h1>\n<p>Seglingarna inleds den 20 maj med f\u00f6rsta start klockan 18.00. 8 seglingar \u00e4r planerade och \u00f6vriga datum \u00e4r 27 maj, 3 och 10 juni, 12, 19, 26 augusti och 2 september.<\/p>\n<p>Anm\u00e4lan g\u00f6rs som vanligt via <a href=\"http:\/\/www.onsdagscupen.se\">www.onsdagscupen.se<\/a> senast klockan 15 respektive t\u00e4vlingsdag.<\/p>\n<p>Nytt f\u00f6r i \u00e5r \u00e4r att vi \u00e5terinf\u00f6r tv\u00e5 startgrupper, SRS 1 k\u00f6lb\u00e5tar &gt; 2,2 ton och SRS 2 k\u00f6lb\u00e5tar &lt; = 2,2 ton inklusive C55 och vi \u00e5terinf\u00f6r ocks\u00e5 en tredje startgrupp f\u00f6r jollar och d\u00e4r v\u00e4nder vi oss fr a till 2-kronor som vi g\u00e4rna skulle vilja f\u00e5 ut p\u00e5 banan. Syftet med den h\u00e4r f\u00f6r\u00e4ndringen \u00e4r att \u00f6ka antalet t\u00e4vlande som har varit sjunkande senaste \u00e5ren.<\/p>\n<p>Nytt f\u00f6r i \u00e5r \u00e4r ocks\u00e5 att banan ska seglas 3 varv som standard. F\u00f6r\u00e4ndringen motiveras av att 2 varv ofta leder till mycket korta seglingar (&lt; 30 min). Dock f\u00e5r seglingsledningen en m\u00f6jlighet att vid behov korta banan. Om f\u00f6rsta b\u00e5t inte fullgjort f\u00f6rsta varvet inom 25 min visas flagga T tillsammans med upprepade ljudsignaler och d\u00e5 ska banan seglas 2 varv ist\u00e4llet f\u00f6r 3.<\/p>\n<p>Seglingsf\u00f6reskrifter, funktion\u00e4rslista, SRS-tabell m.m. \u00e5terfinnes i appen <a href=\"http:\/\/www.onsdagscupen.se\">www.onsdagscupen.se<\/a><\/p>\n<p>Kolla att ditt SRS-tal inte \u00e4ndrats sedan f\u00f6rra \u00e5ret!<\/p>\n<p>Som vanligt kommer klubbm\u00e4steriet att anordna After Sail efter varje delsegling.<\/p>\n<p>V\u00e4lkomna!<\/p>\n<p>Seglingssektionen WSS\/WSSW<\/p>\n<h3>Relaterade bilder:<\/h3>","protected":false},"excerpt":{"rendered":"<p>WSS och WSSW inbjuder till Onsdagscupen 2026 Seglingarna inleds den 20 maj med f\u00f6rsta start klockan 18.00. 8 seglingar \u00e4r planerade och \u00f6vriga datum \u00e4r 27 maj, 3 och 10 juni, 12, 19, 26 augusti och 2 september. Anm\u00e4lan g\u00f6rs &hellip; <a href=\"https:\/\/wikingarna.com\/?page_id=16474\">Forts\u00e4tt l\u00e4sa <span class=\"meta-nav\">&rarr;<\/span><\/a><\/p>\n","protected":false},"author":34,"featured_media":0,"parent":0,"menu_order":0,"comment_status":"closed","ping_status":"closed","template":"","meta":{"ngg_post_thumbnail":0,"_links_to":"","_links_to_target":""},"_links":{"self":[{"href":"https:\/\/wikingarna.com\/index.php?rest_route=\/wp\/v2\/pages\/16474"}],"collection":[{"href":"https:\/\/wikingarna.com\/index.php?rest_route=\/wp\/v2\/pages"}],"about":[{"href":"https:\/\/wikingarna.com\/index.php?rest_route=\/wp\/v2\/types\/page"}],"author":[{"embeddable":true,"href":"https:\/\/wikingarna.com\/index.php?rest_route=\/wp\/v2\/users\/34"}],"replies":[{"embeddable":true,"href":"https:\/\/wikingarna.com\/index.php?rest_route=%2Fwp%2Fv2%2Fcomments&post=16474"}],"version-history":[{"count":1,"href":"https:\/\/wikingarna.com\/index.php?rest_route=\/wp\/v2\/pages\/16474\/revisions"}],"predecessor-version":[{"id":16475,"href":"https:\/\/wikingarna.com\/index.php?rest_route=\/wp\/v2\/pages\/16474\/revisions\/16475"}],"wp:attachment":[{"href":"https:\/\/wikingarna.com\/index.php?rest_route=%2Fwp%2Fv2%2Fmedia&parent=16474"}],"curies":[{"name":"wp","href":"https:\/\/api.w.org\/{rel}","templated":true}]}}