{"id":16434,"date":"2026-04-27T20:35:55","date_gmt":"2026-04-27T18:35:55","guid":{"rendered":"https:\/\/wikingarna.com\/?page_id=16434"},"modified":"2026-04-28T15:19:55","modified_gmt":"2026-04-28T13:19:55","slug":"arbetsuppgifter-inom-fastighetssektionen","status":"publish","type":"page","link":"https:\/\/wikingarna.com\/?page_id=16434","title":{"rendered":"Arbetsuppgifter inom Varvssektionen"},"content":{"rendered":"<div><span style=\"font-size: 16px;\"><strong>G\u00f6r din arbetsinsats inom Varvssektionen!<\/strong><\/span><\/div>\n<div>Arbetet med att se \u00f6ver klubbens uppgifter f\u00f6r 2026 har nedtecknats i en matris. Matrisen redog\u00f6r f\u00f6r respektive sektions uppgifter.<\/div>\n<div>&nbsp;<\/div>\n<div>I kolumnen f\u00f6r arbetsuppgifter har i vissa fall noterats minst antal personer som beh\u00f6vs f\u00f6r uppgiften.<\/div>\n<div>I kolumner f\u00f6r arbetsuppgifter och utf\u00f6rare inneb\u00e4r f\u00e4rgmarkering f\u00f6ljande:<\/div>\n<div><strong><span style=\"color: #ff0000;\">R\u00f6d<\/span><\/strong> &#8211; arbetsuppgiftens resursbehov \u00e4r inte uppfylld<\/div>\n<div><strong><span style=\"color: #339966;\">Gr\u00f6n<\/span><\/strong> &#8211; arbetsuppgiftens resursbehov \u00e4r uppfylld och personer \u00e4r tilltalade<\/div>\n<div><strong><span style=\"color: #0000ff;\">Bl\u00e5<\/span><\/strong> &#8211; arbetsuppgift \u00e4r utf\u00f6rd och personer kan tillgodor\u00e4kna sig timmar p\u00e5 arbetsplikten.<\/div>\n<div>&nbsp;<\/div>\n<div><span style=\"font-size: 16px;\"><em><strong>Arbetsuppgifterna inom Varvssektionen hittar du <a href=\"https:\/\/wikingarna.com\/wp-content\/uploads\/2026\/04\/AktMatrisVarv.pdf\">h\u00e4r.<\/a><\/strong><\/em><\/span><\/div>\n<div>&nbsp;<\/div>\n<div class=\"elementToProof\">Vi uppmanar medlemmarna att se \u00f6ver vilka uppgifter som skulle passa och h\u00f6ra sig om ev f\u00f6rtydliganden eller anm\u00e4lan till ordf\u00f6rande i respektive sektion.<\/div>\n<h3>Relaterade bilder:<\/h3>","protected":false},"excerpt":{"rendered":"<p>G\u00f6r din arbetsinsats inom Varvssektionen! Arbetet med att se \u00f6ver klubbens uppgifter f\u00f6r 2026 har nedtecknats i en matris. Matrisen redog\u00f6r f\u00f6r respektive sektions uppgifter. &nbsp; I kolumnen f\u00f6r arbetsuppgifter har i vissa fall noterats minst antal personer som beh\u00f6vs &hellip; <a href=\"https:\/\/wikingarna.com\/?page_id=16434\">Forts\u00e4tt l\u00e4sa <span class=\"meta-nav\">&rarr;<\/span><\/a><\/p>\n","protected":false},"author":34,"featured_media":0,"parent":0,"menu_order":0,"comment_status":"closed","ping_status":"closed","template":"","meta":{"ngg_post_thumbnail":0,"_links_to":"","_links_to_target":""},"_links":{"self":[{"href":"https:\/\/wikingarna.com\/index.php?rest_route=\/wp\/v2\/pages\/16434"}],"collection":[{"href":"https:\/\/wikingarna.com\/index.php?rest_route=\/wp\/v2\/pages"}],"about":[{"href":"https:\/\/wikingarna.com\/index.php?rest_route=\/wp\/v2\/types\/page"}],"author":[{"embeddable":true,"href":"https:\/\/wikingarna.com\/index.php?rest_route=\/wp\/v2\/users\/34"}],"replies":[{"embeddable":true,"href":"https:\/\/wikingarna.com\/index.php?rest_route=%2Fwp%2Fv2%2Fcomments&post=16434"}],"version-history":[{"count":5,"href":"https:\/\/wikingarna.com\/index.php?rest_route=\/wp\/v2\/pages\/16434\/revisions"}],"predecessor-version":[{"id":16455,"href":"https:\/\/wikingarna.com\/index.php?rest_route=\/wp\/v2\/pages\/16434\/revisions\/16455"}],"wp:attachment":[{"href":"https:\/\/wikingarna.com\/index.php?rest_route=%2Fwp%2Fv2%2Fmedia&parent=16434"}],"curies":[{"name":"wp","href":"https:\/\/api.w.org\/{rel}","templated":true}]}}